{"id":45,"date":"2011-11-02T20:23:04","date_gmt":"2011-11-02T19:23:04","guid":{"rendered":"https:\/\/abcdr.guyader.pro\/?page_id=45"},"modified":"2020-05-23T18:38:00","modified_gmt":"2020-05-23T17:38:00","slug":"contact-2","status":"publish","type":"page","link":"https:\/\/thinkr.fr\/abcdr\/contact-2\/","title":{"rendered":"Contact"},"content":{"rendered":"<h2>Contacter l&rsquo;\u00e9quipe ThinkR<\/h2>\n<p>Pour toutes questions, suggestion ou probl\u00e8mes rencontr\u00e9s sur le site, vous pouvez nous contacter par l\u2019interm\u00e9diaire de ce formulaire.<br \/>\nSi vous avez des questions sur les <a href=\"https:\/\/thinkr.fr\/formation-au-logiciel-r\/\">formations propos\u00e9es par ThinkR<\/a>, vous pouvez aussi nous laisser un message. Nous vous r\u00e9pondrons au plus vite.<\/p>\n\n<div class=\"wpcf7 no-js\" id=\"wpcf7-f1657-o1\" lang=\"en-US\" dir=\"ltr\" data-wpcf7-id=\"1657\">\n<div class=\"screen-reader-response\"><p role=\"status\" aria-live=\"polite\" aria-atomic=\"true\"><\/p> <ul><\/ul><\/div>\n<form action=\"\/abcdr\/wp-json\/wp\/v2\/pages\/45#wpcf7-f1657-o1\" method=\"post\" class=\"wpcf7-form init\" aria-label=\"Contact form\" novalidate=\"novalidate\" data-status=\"init\">\n<fieldset class=\"hidden-fields-container\"><input type=\"hidden\" name=\"_wpcf7\" value=\"1657\" \/><input type=\"hidden\" name=\"_wpcf7_version\" value=\"6.1.5\" \/><input type=\"hidden\" name=\"_wpcf7_locale\" value=\"en_US\" \/><input type=\"hidden\" name=\"_wpcf7_unit_tag\" value=\"wpcf7-f1657-o1\" \/><input type=\"hidden\" name=\"_wpcf7_container_post\" value=\"0\" \/><input type=\"hidden\" name=\"_wpcf7_posted_data_hash\" value=\"\" \/>\n<\/fieldset>\n<p><span class=\"wpcf7-form-control-wrap\" data-name=\"nom\"><input size=\"40\" maxlength=\"400\" class=\"wpcf7-form-control wpcf7-text wpcf7-validates-as-required\" aria-required=\"true\" aria-invalid=\"false\" placeholder=\"Nom*\" value=\"\" type=\"text\" name=\"nom\" \/><\/span>\n<\/p>\n<p><span class=\"wpcf7-form-control-wrap\" data-name=\"email\"><input size=\"40\" maxlength=\"400\" class=\"wpcf7-form-control wpcf7-email wpcf7-validates-as-required wpcf7-text wpcf7-validates-as-email\" aria-required=\"true\" aria-invalid=\"false\" placeholder=\"Email*\" value=\"\" type=\"email\" name=\"email\" \/><\/span>\n<\/p>\n<p><span class=\"wpcf7-form-control-wrap\" data-name=\"telephone\"><input size=\"40\" maxlength=\"400\" class=\"wpcf7-form-control wpcf7-tel wpcf7-validates-as-required wpcf7-text wpcf7-validates-as-tel\" aria-required=\"true\" aria-invalid=\"false\" placeholder=\"T\u00e9l\u00e9phone*\" value=\"\" type=\"tel\" name=\"telephone\" \/><\/span>\n<\/p>\n<p><span class=\"wpcf7-form-control-wrap\" data-name=\"menu-108\"><select class=\"wpcf7-form-control wpcf7-select wpcf7-validates-as-required\" aria-required=\"true\" aria-invalid=\"false\" name=\"menu-108\"><option value=\"Formation \u00e0 R\">Formation \u00e0 R<\/option><option value=\"Probl\u00e8me technique\">Probl\u00e8me technique<\/option><option value=\"Autre demande\">Autre demande<\/option><\/select><\/span>\n<\/p>\n<p><span class=\"wpcf7-form-control-wrap\" data-name=\"message\"><textarea cols=\"40\" rows=\"10\" maxlength=\"2000\" class=\"wpcf7-form-control wpcf7-textarea wpcf7-validates-as-required\" aria-required=\"true\" aria-invalid=\"false\" placeholder=\"Message*\" name=\"message\"><\/textarea><\/span>\n<\/p>\n<div id=\"rgpd\">\n\t<p><span class=\"wpcf7-form-control-wrap\" data-name=\"rgpd-compliance\"><span class=\"wpcf7-form-control wpcf7-checkbox wpcf7-validates-as-required\"><span class=\"wpcf7-list-item first last\"><input type=\"checkbox\" name=\"rgpd-compliance[]\" value=\"oui\" \/><span class=\"wpcf7-list-item-label\">oui<\/span><\/span><\/span><\/span> J'accepte le stockage et le traitement de mes donn\u00e9es et autorise ThinkR \u00e0 me contacter.\n\t<\/p>\n<\/div>\n<div class=\"wpcf7-response-output\" aria-hidden=\"true\"><\/div>\n<p><input class=\"wpcf7-form-control wpcf7-submit has-spinner\" type=\"submit\" value=\"Envoyer\" \/>\n<\/p><p style=\"display: none !important;\" class=\"akismet-fields-container\" data-prefix=\"_wpcf7_ak_\"><label>&#916;<textarea name=\"_wpcf7_ak_hp_textarea\" cols=\"45\" rows=\"8\" maxlength=\"100\"><\/textarea><\/label><input type=\"hidden\" id=\"ak_js_1\" name=\"_wpcf7_ak_js\" value=\"40\"\/><script>document.getElementById( \"ak_js_1\" ).setAttribute( \"value\", ( new Date() ).getTime() );<\/script><\/p>\n<\/form>\n<\/div>\n\n","protected":false},"excerpt":{"rendered":"<p>Contacter l&rsquo;\u00e9quipe ThinkR Pour toutes questions, suggestion ou probl\u00e8mes rencontr\u00e9s sur le site, vous pouvez nous contacter par l\u2019interm\u00e9diaire de ce formulaire. Si vous avez des questions sur les formations propos\u00e9es par ThinkR, vous pouvez aussi nous laisser un message. Nous vous r\u00e9pondrons au plus vite.<a class=\"more-link\" href=\"https:\/\/thinkr.fr\/abcdr\/contact-2\/\">Read More &rarr;<\/a><\/p>\n","protected":false},"author":2,"featured_media":3792,"parent":0,"menu_order":0,"comment_status":"closed","ping_status":"closed","template":"","meta":{"_acf_changed":false,"content-type":"","rop_custom_images_group":[],"rop_custom_messages_group":[],"rop_publish_now":"initial","rop_publish_now_accounts":{"twitter_399453572_399453572":""},"rop_publish_now_history":[],"rop_publish_now_status":"pending","jetpack_post_was_ever_published":false,"footnotes":""},"class_list":{"0":"entry","1":"page","2":"publish","3":"author-vincent","4":"post-45","6":"has-post-thumbnail"},"acf":[],"jetpack_shortlink":"https:\/\/wp.me\/P9O7Sx-J","jetpack_sharing_enabled":true,"_links":{"self":[{"href":"https:\/\/thinkr.fr\/abcdr\/wp-json\/wp\/v2\/pages\/45","targetHints":{"allow":["GET"]}}],"collection":[{"href":"https:\/\/thinkr.fr\/abcdr\/wp-json\/wp\/v2\/pages"}],"about":[{"href":"https:\/\/thinkr.fr\/abcdr\/wp-json\/wp\/v2\/types\/page"}],"author":[{"embeddable":true,"href":"https:\/\/thinkr.fr\/abcdr\/wp-json\/wp\/v2\/users\/2"}],"replies":[{"embeddable":true,"href":"https:\/\/thinkr.fr\/abcdr\/wp-json\/wp\/v2\/comments?post=45"}],"version-history":[{"count":5,"href":"https:\/\/thinkr.fr\/abcdr\/wp-json\/wp\/v2\/pages\/45\/revisions"}],"predecessor-version":[{"id":4750,"href":"https:\/\/thinkr.fr\/abcdr\/wp-json\/wp\/v2\/pages\/45\/revisions\/4750"}],"wp:featuredmedia":[{"embeddable":true,"href":"https:\/\/thinkr.fr\/abcdr\/wp-json\/wp\/v2\/media\/3792"}],"wp:attachment":[{"href":"https:\/\/thinkr.fr\/abcdr\/wp-json\/wp\/v2\/media?parent=45"}],"curies":[{"name":"wp","href":"https:\/\/api.w.org\/{rel}","templated":true}]}}