{"id":3516,"date":"2017-12-12T22:07:14","date_gmt":"2017-12-12T21:07:14","guid":{"rendered":"http:\/\/banana.thinkpy.fr\/?page_id=3516"},"modified":"2020-05-23T18:38:02","modified_gmt":"2020-05-23T17:38:02","slug":"le-logiciel-r","status":"publish","type":"page","link":"https:\/\/thinkr.fr\/abcdr\/le-logiciel-r\/","title":{"rendered":"Le logiciel R"},"content":{"rendered":"<p>R est un <strong>logiciel libre<\/strong>, gratuit et <strong>multiplateforme<\/strong> (windows, linux et mac) distribu\u00e9 par GNU Public Licence tr\u00e9s utilis\u00e9 pour l&rsquo;<strong>analyse statistique<\/strong>. La version de base dispose d&rsquo;un grand nombre d&rsquo;<strong>outils analytiques et graphiques<\/strong> permettant de manipuler, de traiter et de repr\u00e9senter des donn\u00e9es de nature tr\u00e8s diff\u00e9rentes. Son d\u00e9veloppement met \u00e0 contribution des utilisateurs qui peuvent cr\u00e9er de nouveaux paquets (\u00ab <strong>packages<\/strong> \u00bb) rendant les possibilit\u00e9s d&rsquo;utilisation immenses dans des <strong>domaines d&rsquo;\u00e9tudes tr\u00e8s diff\u00e9rents<\/strong> (\u00e9cologie, analyse sensorielle, psychologie, \u00e9conomie&#8230;) et faisant intervenir des <strong>techniques tr\u00e8s diverses<\/strong> (analyse multivari\u00e9e, mod\u00e9lisation lin\u00e9aire et non lin\u00e9aire, statistique spatiale, classification, tests statistiques&#8230;).<br \/>\nLe partage grandissant de nouveaux paquets rend ce<strong> logiciel tr\u00e8s dynamique<\/strong> et qui s&rsquo;enrichit jour apr\u00e8s jour.<br \/>\nR est \u00e9galement un <strong>langage de programmation<\/strong> bas\u00e9 sur le calcul matriciel. La manipulation d&rsquo;objets de type vecteur, liste, matrice permet une flexibilit\u00e9 de programmation d&rsquo;algorithmes plus ou moins \u00e9volu\u00e9s r\u00e9pondant aux attentes de chacun.<br \/>\nParmi les paquets, il en existe permettant d&rsquo;<strong>interfacer avec d&rsquo;autres outils<\/strong> tels que PostgreSQL et MySQL pour les bases de donn\u00e9es, le logiciel libre GRASS pour le SIG, RExcel pour excel ou encore Latex et OpenDocument pour l&rsquo;exportation de r\u00e9sultats.<\/p>\n","protected":false},"excerpt":{"rendered":"<p>R est un logiciel libre, gratuit et multiplateforme (windows, linux et mac) distribu\u00e9 par GNU Public Licence tr\u00e9s utilis\u00e9 pour l&rsquo;analyse statistique. La version de base dispose d&rsquo;un grand nombre d&rsquo;outils analytiques et graphiques permettant de manipuler, de traiter et de repr\u00e9senter des donn\u00e9es de nature tr\u00e8s diff\u00e9rentes. Son d\u00e9veloppement met \u00e0 contribution des utilisateurs qui peuvent cr\u00e9er de nouveaux paquets (\u00ab packages \u00bb) rendant les possibilit\u00e9s d&rsquo;utilisation immenses dans des domaines d&rsquo;\u00e9tudes tr\u00e8s diff\u00e9rents (\u00e9cologie, analyse sensorielle, psychologie, \u00e9conomie&#8230;) et faisant intervenir des techniques tr\u00e8s diverses (analyse multivari\u00e9e, mod\u00e9lisation lin\u00e9aire et non lin\u00e9aire, statistique spatiale, classification, tests statistiques&#8230;). Le partage grandissant de nouveaux paquets<a class=\"more-link\" href=\"https:\/\/thinkr.fr\/abcdr\/le-logiciel-r\/\">Read More &rarr;<\/a><\/p>\n","protected":false},"author":1,"featured_media":3784,"parent":0,"menu_order":0,"comment_status":"closed","ping_status":"closed","template":"","meta":{"_acf_changed":false,"content-type":"","rop_custom_images_group":[],"rop_custom_messages_group":[],"rop_publish_now":"initial","rop_publish_now_accounts":{"twitter_399453572_399453572":""},"rop_publish_now_history":[],"rop_publish_now_status":"pending","jetpack_post_was_ever_published":false,"footnotes":""},"class_list":{"0":"entry","1":"page","2":"publish","3":"author-seb","4":"post-3516","6":"has-post-thumbnail"},"acf":[],"jetpack_shortlink":"https:\/\/wp.me\/P9O7Sx-UI","jetpack_sharing_enabled":true,"_links":{"self":[{"href":"https:\/\/thinkr.fr\/abcdr\/wp-json\/wp\/v2\/pages\/3516","targetHints":{"allow":["GET"]}}],"collection":[{"href":"https:\/\/thinkr.fr\/abcdr\/wp-json\/wp\/v2\/pages"}],"about":[{"href":"https:\/\/thinkr.fr\/abcdr\/wp-json\/wp\/v2\/types\/page"}],"author":[{"embeddable":true,"href":"https:\/\/thinkr.fr\/abcdr\/wp-json\/wp\/v2\/users\/1"}],"replies":[{"embeddable":true,"href":"https:\/\/thinkr.fr\/abcdr\/wp-json\/wp\/v2\/comments?post=3516"}],"version-history":[{"count":2,"href":"https:\/\/thinkr.fr\/abcdr\/wp-json\/wp\/v2\/pages\/3516\/revisions"}],"predecessor-version":[{"id":3846,"href":"https:\/\/thinkr.fr\/abcdr\/wp-json\/wp\/v2\/pages\/3516\/revisions\/3846"}],"wp:featuredmedia":[{"embeddable":true,"href":"https:\/\/thinkr.fr\/abcdr\/wp-json\/wp\/v2\/media\/3784"}],"wp:attachment":[{"href":"https:\/\/thinkr.fr\/abcdr\/wp-json\/wp\/v2\/media?parent=3516"}],"curies":[{"name":"wp","href":"https:\/\/api.w.org\/{rel}","templated":true}]}}